{"id":338,"date":"2020-07-24T17:07:39","date_gmt":"2020-07-24T17:07:39","guid":{"rendered":"http:\/\/themes.webdevia.com\/bathrooms-wordpress-theme\/kitchens-demo\/?page_id=338"},"modified":"2026-03-12T08:11:13","modified_gmt":"2026-03-12T08:11:13","slug":"contact","status":"publish","type":"page","link":"https:\/\/zend-o.eu\/receveur-de-douche\/contact\/","title":{"rendered":"Contact"},"content":{"rendered":"\t\t<div data-elementor-type=\"wp-page\" data-elementor-id=\"338\" class=\"elementor elementor-338\">\n\t\t\t\t<div class=\"elementor-element elementor-element-40c3ca3 e-flex e-con-boxed e-con e-parent\" data-id=\"40c3ca3\" data-element_type=\"container\" data-e-type=\"container\">\n\t\t\t\t\t<div class=\"e-con-inner\">\n\t\t<div class=\"elementor-element elementor-element-22d4dac e-con-full e-flex e-con e-child\" data-id=\"22d4dac\" data-element_type=\"container\" data-e-type=\"container\">\n\t\t\t\t<div class=\"elementor-element elementor-element-6dbc443 elementor-widget elementor-widget-heading\" data-id=\"6dbc443\" data-element_type=\"widget\" data-e-type=\"widget\" data-widget_type=\"heading.default\">\n\t\t\t\t\t<h1 class=\"elementor-heading-title elementor-size-default\">Contact<\/h1>\t\t\t\t<\/div>\n\t\t\t\t<div class=\"elementor-element elementor-element-5d029d8 elementor-widget-divider--view-line elementor-widget elementor-widget-divider\" data-id=\"5d029d8\" data-element_type=\"widget\" data-e-type=\"widget\" data-widget_type=\"divider.default\">\n\t\t\t\t\t\t\t<div class=\"elementor-divider\">\n\t\t\t<span class=\"elementor-divider-separator\">\n\t\t\t\t\t\t<\/span>\n\t\t<\/div>\n\t\t\t\t\t\t<\/div>\n\t\t\t\t<\/div>\n\t\t<div class=\"elementor-element elementor-element-059e965 e-con-full e-flex e-con e-child\" data-id=\"059e965\" data-element_type=\"container\" data-e-type=\"container\">\n\t\t<div class=\"elementor-element elementor-element-b1777cd e-con-full e-flex e-con e-child\" data-id=\"b1777cd\" data-element_type=\"container\" data-e-type=\"container\">\n\t\t\t\t<div class=\"elementor-element elementor-element-520d302 elementor-widget elementor-widget-heading\" data-id=\"520d302\" data-element_type=\"widget\" data-e-type=\"widget\" data-widget_type=\"heading.default\">\n\t\t\t\t\t<h2 class=\"elementor-heading-title elementor-size-default\">Nous contacter<\/h2>\t\t\t\t<\/div>\n\t\t\t\t<div class=\"elementor-element elementor-element-264d8f3 elementor-widget__width-initial elementor-widget elementor-widget-heading\" data-id=\"264d8f3\" data-element_type=\"widget\" data-e-type=\"widget\" data-widget_type=\"heading.default\">\n\t\t\t\t\t<p class=\"elementor-heading-title elementor-size-default\">Notre \u00e9quipe est d\u00e9di\u00e9e \u00e0 vous offrir le meilleur service et accompagnement. Nous sommes \u00e0 votre \u00e9coute pour concr\u00e9tiser votre projet de receveur de douche, qu\u2019il soit standard ou sur mesure. N\u2019h\u00e9sitez pas \u00e0 nous contacter d\u00e8s aujourd\u2019hui.<\/p>\t\t\t\t<\/div>\n\t\t<div class=\"elementor-element elementor-element-d2f08b2 e-con-full e-flex e-con e-child\" data-id=\"d2f08b2\" data-element_type=\"container\" data-e-type=\"container\">\n\t\t<div class=\"elementor-element elementor-element-b5f3340 e-con-full e-flex e-con e-child\" data-id=\"b5f3340\" data-element_type=\"container\" data-e-type=\"container\">\n\t\t\t\t<div class=\"elementor-element elementor-element-3ae0cbf elementor-view-stacked elementor-shape-circle elementor-widget elementor-widget-icon\" data-id=\"3ae0cbf\" data-element_type=\"widget\" data-e-type=\"widget\" data-widget_type=\"icon.default\">\n\t\t\t\t\t\t\t<div class=\"elementor-icon-wrapper\">\n\t\t\t<div class=\"elementor-icon elementor-animation-push\">\n\t\t\t<i aria-hidden=\"true\" class=\"far fa-envelope\"><\/i>\t\t\t<\/div>\n\t\t<\/div>\n\t\t\t\t\t\t<\/div>\n\t\t\t\t<\/div>\n\t\t<div class=\"elementor-element elementor-element-289630e e-con-full e-flex e-con e-child\" data-id=\"289630e\" data-element_type=\"container\" data-e-type=\"container\">\n\t\t\t\t<div class=\"elementor-element elementor-element-ca23c50 elementor-widget elementor-widget-heading\" data-id=\"ca23c50\" data-element_type=\"widget\" data-e-type=\"widget\" data-widget_type=\"heading.default\">\n\t\t\t\t\t<p class=\"elementor-heading-title elementor-size-default\"><a href=\"mailto:info-receveurs@zend-o.eu\">info-receveurs@zend-o.eu<\/a><\/p>\t\t\t\t<\/div>\n\t\t\t\t<\/div>\n\t\t\t\t<\/div>\n\t\t<div class=\"elementor-element elementor-element-af7ed03 e-con-full e-flex e-con e-child\" data-id=\"af7ed03\" data-element_type=\"container\" data-e-type=\"container\">\n\t\t<div class=\"elementor-element elementor-element-b714af6 e-con-full e-flex e-con e-child\" data-id=\"b714af6\" data-element_type=\"container\" data-e-type=\"container\">\n\t\t\t\t<div class=\"elementor-element elementor-element-191c740 elementor-view-stacked elementor-shape-circle elementor-widget elementor-widget-icon\" data-id=\"191c740\" data-element_type=\"widget\" data-e-type=\"widget\" data-widget_type=\"icon.default\">\n\t\t\t\t\t\t\t<div class=\"elementor-icon-wrapper\">\n\t\t\t<div class=\"elementor-icon elementor-animation-push\">\n\t\t\t<i aria-hidden=\"true\" class=\"fas fa-phone-volume\"><\/i>\t\t\t<\/div>\n\t\t<\/div>\n\t\t\t\t\t\t<\/div>\n\t\t\t\t<\/div>\n\t\t<div class=\"elementor-element elementor-element-59f607e e-con-full e-flex e-con e-child\" data-id=\"59f607e\" data-element_type=\"container\" data-e-type=\"container\">\n\t\t\t\t<div class=\"elementor-element elementor-element-50bf3c2 elementor-widget elementor-widget-heading\" data-id=\"50bf3c2\" data-element_type=\"widget\" data-e-type=\"widget\" data-widget_type=\"heading.default\">\n\t\t\t\t\t<p class=\"elementor-heading-title elementor-size-default\"><a href=\"tel:+32494659308\">+32 494 65 93 08<\/a><\/p>\t\t\t\t<\/div>\n\t\t\t\t<\/div>\n\t\t\t\t<\/div>\n\t\t<div class=\"elementor-element elementor-element-61fa213 e-con-full e-flex e-con e-child\" data-id=\"61fa213\" data-element_type=\"container\" data-e-type=\"container\">\n\t\t<div class=\"elementor-element elementor-element-08a5f77 e-con-full e-flex e-con e-child\" data-id=\"08a5f77\" data-element_type=\"container\" data-e-type=\"container\">\n\t\t\t\t<div class=\"elementor-element elementor-element-7e777e2 elementor-view-stacked elementor-shape-circle elementor-widget elementor-widget-icon\" data-id=\"7e777e2\" data-element_type=\"widget\" data-e-type=\"widget\" data-widget_type=\"icon.default\">\n\t\t\t\t\t\t\t<div class=\"elementor-icon-wrapper\">\n\t\t\t<div class=\"elementor-icon elementor-animation-push\">\n\t\t\t<i aria-hidden=\"true\" class=\"fas fa-location-arrow\"><\/i>\t\t\t<\/div>\n\t\t<\/div>\n\t\t\t\t\t\t<\/div>\n\t\t\t\t<\/div>\n\t\t<div class=\"elementor-element elementor-element-b850199 e-con-full e-flex e-con e-child\" data-id=\"b850199\" data-element_type=\"container\" data-e-type=\"container\">\n\t\t\t\t<div class=\"elementor-element elementor-element-7c0fd37 elementor-widget elementor-widget-heading\" data-id=\"7c0fd37\" data-element_type=\"widget\" data-e-type=\"widget\" data-widget_type=\"heading.default\">\n\t\t\t\t\t<p class=\"elementor-heading-title elementor-size-default\"><a href=\"https:\/\/www.google.com\/maps\/dir\/\/Zend%E2%80%99O+-+Concepteur+de+douches,+z.i.+Nord+9,+Avenue+V%C3%A9sale,+1300+Wavre\/@50.7347016,4.5806876,17z\/data=!4m8!4m7!1m0!1m5!1m1!1s0x47c3d7ddf3bf0f3d:0x2f997a7e5445d1d5!2m2!1d4.5832625!2d50.7346982?entry=ttu&#038;g_ep=EgoyMDI1MDcyMS4wIKXMDSoASAFQAw%3D%3D\">Rue godin 33b\u2028<br>4800 Verviers<\/a><\/p>\t\t\t\t<\/div>\n\t\t\t\t<\/div>\n\t\t\t\t<\/div>\n\t\t\t\t<\/div>\n\t\t<div class=\"elementor-element elementor-element-25a9be5 e-con-full e-flex e-con e-child\" data-id=\"25a9be5\" data-element_type=\"container\" data-e-type=\"container\">\n\t\t\t\t<div class=\"elementor-element elementor-element-79b6b9d elementor-widget elementor-widget-html\" data-id=\"79b6b9d\" data-element_type=\"widget\" data-e-type=\"widget\" data-widget_type=\"html.default\">\n\t\t\t\t\t<style>\n\n\/* \u0412\u0441\u0456 \u043f\u043e\u043b\u044f \u0432\u0441\u0435\u0440\u0435\u0434\u0438\u043d\u0456 \u0446\u0456\u0454\u0457 \u0444\u043e\u0440\u043c\u0438 *\/\n#wpcf7-f2292-p338-o1 .wpcf7-form-control-wrap{\n  display: block;\n  margin-top: 8px;  \/* \u0432\u0456\u0437\u0443\u0430\u043b\u044c\u043d\u043e \u044f\u043a padding-bottom \u043f\u0456\u0434 \u0442\u0435\u043a\u0441\u0442\u043e\u043c *\/\n}\n\n\/* \u041f\u0440\u0438\u0431\u0440\u0430\u0442\u0438 <br> \u043c\u0456\u0436 \u0442\u0435\u043a\u0441\u0442\u043e\u043c \u0456 \u043f\u043e\u043b\u0435\u043c *\/\n#wpcf7-f2292-p338-o1 label br{ display:none; }\n\n\n\/* ===== Contact Form 7 (scoped to this form only) ===== *\/\n#wpcf7-f2292-p338-o1{\n  \/* \u043b\u043e\u043a\u0430\u043b\u044c\u043d\u0456 \u0437\u043c\u0456\u043d\u043d\u0456 \u0442\u0456\u043b\u044c\u043a\u0438 \u0432 \u043c\u0435\u0436\u0430\u0445 \u0444\u043e\u0440\u043c\u0438 *\/\n  --cf-brand:#C28B44;            \/* \u043a\u043e\u043b\u0456\u0440 \u043a\u043d\u043e\u043f\u043a\u0438 (\u0437\u043c\u0456\u043d\u0438 \u0437\u0430 \u043f\u043e\u0442\u0440\u0435\u0431\u0438)   *\/\n  --cf-brand-hover:#B07C3D;\n  --cf-focus:#1F88C9;            \/* \u0430\u043a\u0446\u0435\u043d\u0442 \u043f\u0440\u0438 \u0444\u043e\u043a\u0443\u0441\u0456                  *\/\n  --cf-card-bg:#fff;\n  --cf-card-radius:16px;\n  --cf-input-bg:#edf2f6;\n  --cf-input-radius:10px;\n  --cf-shadow:0 12px 30px rgba(0,0,0,.06);\n}\n\n\/* \u043a\u0430\u0440\u0442\u043a\u0430 *\/\n#wpcf7-f2292-p338-o1 .wpcf7-form{\n  display:grid;\n  gap:22px;\n  background:var(--cf-card-bg);\n  border-radius:var(--cf-card-radius);\n  box-shadow:var(--cf-shadow);\n  padding:28px;\n  grid-template-columns:1fr 1fr;\n  grid-template-areas:\n    \"name email\"\n    \"subject subject\"\n    \"message message\"\n    \"submit submit\";\n}\n\n\/* \u043c\u0430\u043f\u0456\u043d\u0433 \u0435\u043b\u0435\u043c\u0435\u043d\u0442\u0456\u0432 \u0437\u0430 \u043f\u043e\u0440\u044f\u0434\u043a\u043e\u043c *\/\n#wpcf7-f2292-p338-o1 .wpcf7-form > p{ margin:0; }\n#wpcf7-f2292-p338-o1 .wpcf7-form > p:nth-of-type(1){ grid-area:name; }\n#wpcf7-f2292-p338-o1 .wpcf7-form > p:nth-of-type(2){ grid-area:email; }\n#wpcf7-f2292-p338-o1 .wpcf7-form > p:nth-of-type(3){ grid-area:subject; }\n#wpcf7-f2292-p338-o1 .wpcf7-form > p:nth-of-type(4){ grid-area:message; }\n#wpcf7-f2292-p338-o1 .wpcf7-form > p:nth-of-type(5){\n  grid-area:submit; display:flex; align-items:center; gap:10px;\n}\n\n\/* \u0442\u0438\u043f\u043e\u0433\u0440\u0430\u0444\u0456\u043a\u0430\/\u043b\u0435\u0439\u0431\u043b\u0438 *\/\n#wpcf7-f2292-p338-o1 label{ display:block; font-weight:600; color:#222; margin-bottom:8px; }\n#wpcf7-f2292-p338-o1 label br{ display:none; } \/* \u043f\u0440\u0438\u0431\u0438\u0440\u0430\u0454\u043c\u043e <br> \u0443 \u043b\u0435\u0439\u0431\u043b\u0430\u0445 *\/\n#wpcf7-f2292-p338-o1 .wpcf7-form-control-wrap{ display:block; }\n\n\/* \u043f\u043e\u043b\u044f *\/\n#wpcf7-f2292-p338-o1 input[type=\"text\"],\n#wpcf7-f2292-p338-o1 input[type=\"email\"],\n#wpcf7-f2292-p338-o1 textarea{\n  width:100%;\n  background:var(--cf-input-bg);\n  border:1px solid transparent;\n  border-radius:var(--cf-input-radius);\n  padding:14px 16px;\n  font:inherit;\n  color:#222;\n  transition:border-color .2s, box-shadow .2s, background-color .2s;\n}\n#wpcf7-f2292-p338-o1 textarea{ min-height:140px; resize:vertical; }\n#wpcf7-f2292-p338-o1 input::placeholder,\n#wpcf7-f2292-p338-o1 textarea::placeholder{ color:#8a97a7; }\n\n\/* \u0444\u043e\u043a\u0443\u0441 *\/\n#wpcf7-f2292-p338-o1 input:focus,\n#wpcf7-f2292-p338-o1 textarea:focus{\n  outline:none;\n  border-color:var(--cf-focus);\n  box-shadow:0 0 0 3px rgba(31,136,201,.2);\n  background:#f3f7fb;\n}\n\n\/* \u043a\u043d\u043e\u043f\u043a\u0430 *\/\n#wpcf7-f2292-p338-o1 .wpcf7-submit{\n  background:var(--cf-brand);\n  color:#fff;\n  border:none;\n  border-radius:10px;\n  padding:12px 22px;\n  font-weight:700;\n  cursor:pointer;\n  transition:transform .12s, background-color .2s, box-shadow .2s;\n  box-shadow:0 6px 16px rgba(194,139,68,.25);\n}\n#wpcf7-f2292-p338-o1 .wpcf7-submit:hover{ background:var(--cf-brand-hover); }\n#wpcf7-f2292-p338-o1 .wpcf7-submit:active{ transform:translateY(1px); }\n#wpcf7-f2292-p338-o1 .wpcf7-spinner{ margin-left:6px; }\n\n\/* \u043f\u043e\u0432\u0456\u0434\u043e\u043c\u043b\u0435\u043d\u043d\u044f (\u0443\u0441\u043f\u0456\u0445\/\u043f\u043e\u043c\u0438\u043b\u043a\u0438) *\/\n#wpcf7-f2292-p338-o1 .wpcf7-response-output{\n  margin:0; border-radius:10px; padding:12px 14px;\n}\n#wpcf7-f2292-p338-o1 .wpcf7-not-valid-tip{\n  color:#b00020; font-size:.875rem; margin-top:6px;\n}\n\n\/* \u0430\u0434\u0430\u043f\u0442\u0438\u0432 *\/\n@media (max-width:720px){\n  #wpcf7-f2292-p338-o1 .wpcf7-form{\n    padding:22px;\n    grid-template-columns:1fr;\n    grid-template-areas:\n      \"name\"\n      \"email\"\n      \"subject\"\n      \"message\"\n      \"submit\";\n  }\n}\n\n<\/style>\n\n<div class=\"wpcf7 no-js\" id=\"wpcf7-f2292-o1\" lang=\"en-US\" dir=\"ltr\" data-wpcf7-id=\"2292\">\n<div class=\"screen-reader-response\"><p role=\"status\" aria-live=\"polite\" aria-atomic=\"true\"><\/p> <ul><\/ul><\/div>\n<form action=\"\/receveur-de-douche\/wp-json\/wp\/v2\/pages\/338#wpcf7-f2292-o1\" method=\"post\" class=\"wpcf7-form init\" aria-label=\"Contact form\" novalidate=\"novalidate\" data-status=\"init\">\n<fieldset class=\"hidden-fields-container\"><input type=\"hidden\" name=\"_wpcf7\" value=\"2292\" \/><input type=\"hidden\" name=\"_wpcf7_version\" value=\"6.1.5\" \/><input type=\"hidden\" name=\"_wpcf7_locale\" value=\"en_US\" \/><input type=\"hidden\" name=\"_wpcf7_unit_tag\" value=\"wpcf7-f2292-o1\" \/><input type=\"hidden\" name=\"_wpcf7_container_post\" value=\"0\" \/><input type=\"hidden\" name=\"_wpcf7_posted_data_hash\" value=\"\" \/>\n<\/fieldset>\n<p><label> Votre nom<br \/>\n<span class=\"wpcf7-form-control-wrap\" data-name=\"your-name\"><input size=\"40\" maxlength=\"400\" class=\"wpcf7-form-control wpcf7-text wpcf7-validates-as-required\" autocomplete=\"name\" aria-required=\"true\" aria-invalid=\"false\" value=\"\" type=\"text\" name=\"your-name\" \/><\/span> <\/label>\n<\/p>\n<p><label> Votre adresse e-mail<br \/>\n<span class=\"wpcf7-form-control-wrap\" data-name=\"your-email\"><input size=\"40\" maxlength=\"400\" class=\"wpcf7-form-control wpcf7-email wpcf7-validates-as-required wpcf7-text wpcf7-validates-as-email\" autocomplete=\"email\" aria-required=\"true\" aria-invalid=\"false\" value=\"\" type=\"email\" name=\"your-email\" \/><\/span> <\/label>\n<\/p>\n<p><label> Objet<br \/>\n<span class=\"wpcf7-form-control-wrap\" data-name=\"your-subject\"><input size=\"40\" maxlength=\"400\" class=\"wpcf7-form-control wpcf7-text wpcf7-validates-as-required\" aria-required=\"true\" aria-invalid=\"false\" value=\"\" type=\"text\" name=\"your-subject\" \/><\/span> <\/label>\n<\/p>\n<p><label>Votre message<br \/>\n<span class=\"wpcf7-form-control-wrap\" data-name=\"your-message\"><textarea cols=\"40\" rows=\"10\" maxlength=\"2000\" class=\"wpcf7-form-control wpcf7-textarea\" aria-invalid=\"false\" name=\"your-message\"><\/textarea><\/span> <\/label>\n<\/p>\n<p><input class=\"wpcf7-form-control wpcf7-submit has-spinner\" type=\"submit\" value=\"Soumettre\" \/>\n<\/p><div class=\"wpcf7-response-output\" aria-hidden=\"true\"><\/div>\n<\/form>\n<\/div>\n\t\t\t\t<\/div>\n\t\t\t\t<\/div>\n\t\t\t\t<\/div>\n\t\t\t\t\t<\/div>\n\t\t\t\t<\/div>\n\t\t\t\t<\/div>\n\t\t","protected":false},"excerpt":{"rendered":"<p>Contact Nous contacter Notre \u00e9quipe est d\u00e9di\u00e9e \u00e0 vous offrir le meilleur service et accompagnement. Nous sommes \u00e0 votre \u00e9coute pour concr\u00e9tiser votre projet de receveur de douche, qu\u2019il soit standard ou sur mesure. N\u2019h\u00e9sitez pas \u00e0 nous contacter d\u00e8s aujourd\u2019hui. info-receveurs@zend-o.eu +32 494 65 93 08 Rue godin 33b\u20284800 Verviers<\/p>\n","protected":false},"author":1,"featured_media":0,"parent":0,"menu_order":0,"comment_status":"closed","ping_status":"closed","template":"elementor_header_footer","meta":{"footnotes":""},"class_list":["post-338","page","type-page","status-publish","hentry"],"yoast_head":"<!-- This site is optimized with the Yoast SEO plugin v27.1.1 - https:\/\/yoast.com\/product\/yoast-seo-wordpress\/ -->\n<title>Contactez Zend\u2019O | Receveurs de douche sur mesure<\/title>\n<meta name=\"description\" content=\"Besoin d\u2019un receveur de douche sur mesure ? Contactez notre \u00e9quipe Zend\u2019O pour un accompagnement personnalis\u00e9 et un devis rapide.\" \/>\n<meta name=\"robots\" content=\"index, follow, max-snippet:-1, max-image-preview:large, max-video-preview:-1\" \/>\n<link rel=\"canonical\" href=\"https:\/\/zend-o.eu\/receveur-de-douche\/contact\/\" \/>\n<meta property=\"og:locale\" content=\"en_US\" \/>\n<meta property=\"og:type\" content=\"article\" \/>\n<meta property=\"og:title\" content=\"Contactez Zend\u2019O | Receveurs de douche sur mesure\" \/>\n<meta property=\"og:description\" content=\"Besoin d\u2019un receveur de douche sur mesure ? Contactez notre \u00e9quipe Zend\u2019O pour un accompagnement personnalis\u00e9 et un devis rapide.\" \/>\n<meta property=\"og:url\" content=\"https:\/\/zend-o.eu\/receveur-de-douche\/contact\/\" \/>\n<meta property=\"og:site_name\" content=\"Receveur de douche\" \/>\n<meta property=\"article:modified_time\" content=\"2026-03-12T08:11:13+00:00\" \/>\n<meta name=\"twitter:card\" content=\"summary_large_image\" \/>\n<meta name=\"twitter:label1\" content=\"Est. reading time\" \/>\n\t<meta name=\"twitter:data1\" content=\"2 minutes\" \/>\n<script type=\"application\/ld+json\" class=\"yoast-schema-graph\">{\"@context\":\"https:\/\/schema.org\",\"@graph\":[{\"@type\":\"WebPage\",\"@id\":\"https:\/\/zend-o.eu\/receveur-de-douche\/contact\/\",\"url\":\"https:\/\/zend-o.eu\/receveur-de-douche\/contact\/\",\"name\":\"Contactez Zend\u2019O | Receveurs de douche sur mesure\",\"isPartOf\":{\"@id\":\"https:\/\/zend-o.eu\/receveur-de-douche\/#website\"},\"datePublished\":\"2020-07-24T17:07:39+00:00\",\"dateModified\":\"2026-03-12T08:11:13+00:00\",\"description\":\"Besoin d\u2019un receveur de douche sur mesure ? Contactez notre \u00e9quipe Zend\u2019O pour un accompagnement personnalis\u00e9 et un devis rapide.\",\"breadcrumb\":{\"@id\":\"https:\/\/zend-o.eu\/receveur-de-douche\/contact\/#breadcrumb\"},\"inLanguage\":\"en-US\",\"potentialAction\":[{\"@type\":\"ReadAction\",\"target\":[\"https:\/\/zend-o.eu\/receveur-de-douche\/contact\/\"]}]},{\"@type\":\"BreadcrumbList\",\"@id\":\"https:\/\/zend-o.eu\/receveur-de-douche\/contact\/#breadcrumb\",\"itemListElement\":[{\"@type\":\"ListItem\",\"position\":1,\"name\":\"Home\",\"item\":\"https:\/\/zend-o.eu\/receveur-de-douche\/\"},{\"@type\":\"ListItem\",\"position\":2,\"name\":\"Contact\"}]},{\"@type\":\"WebSite\",\"@id\":\"https:\/\/zend-o.eu\/receveur-de-douche\/#website\",\"url\":\"https:\/\/zend-o.eu\/receveur-de-douche\/\",\"name\":\"Receveur de douche\",\"description\":\"\",\"publisher\":{\"@id\":\"https:\/\/zend-o.eu\/receveur-de-douche\/#organization\"},\"potentialAction\":[{\"@type\":\"SearchAction\",\"target\":{\"@type\":\"EntryPoint\",\"urlTemplate\":\"https:\/\/zend-o.eu\/receveur-de-douche\/?s={search_term_string}\"},\"query-input\":{\"@type\":\"PropertyValueSpecification\",\"valueRequired\":true,\"valueName\":\"search_term_string\"}}],\"inLanguage\":\"en-US\"},{\"@type\":\"Organization\",\"@id\":\"https:\/\/zend-o.eu\/receveur-de-douche\/#organization\",\"name\":\"Receveur de douche\",\"url\":\"https:\/\/zend-o.eu\/receveur-de-douche\/\",\"logo\":{\"@type\":\"ImageObject\",\"inLanguage\":\"en-US\",\"@id\":\"https:\/\/zend-o.eu\/receveur-de-douche\/#\/schema\/logo\/image\/\",\"url\":\"https:\/\/zend-o.eu\/receveur-de-douche\/wp-content\/uploads\/2025\/09\/cropped-logo.webp\",\"contentUrl\":\"https:\/\/zend-o.eu\/receveur-de-douche\/wp-content\/uploads\/2025\/09\/cropped-logo.webp\",\"width\":500,\"height\":104,\"caption\":\"Receveur de douche\"},\"image\":{\"@id\":\"https:\/\/zend-o.eu\/receveur-de-douche\/#\/schema\/logo\/image\/\"}}]}<\/script>\n<!-- \/ Yoast SEO plugin. -->","yoast_head_json":{"title":"Contactez Zend\u2019O | Receveurs de douche sur mesure","description":"Besoin d\u2019un receveur de douche sur mesure ? Contactez notre \u00e9quipe Zend\u2019O pour un accompagnement personnalis\u00e9 et un devis rapide.","robots":{"index":"index","follow":"follow","max-snippet":"max-snippet:-1","max-image-preview":"max-image-preview:large","max-video-preview":"max-video-preview:-1"},"canonical":"https:\/\/zend-o.eu\/receveur-de-douche\/contact\/","og_locale":"en_US","og_type":"article","og_title":"Contactez Zend\u2019O | Receveurs de douche sur mesure","og_description":"Besoin d\u2019un receveur de douche sur mesure ? Contactez notre \u00e9quipe Zend\u2019O pour un accompagnement personnalis\u00e9 et un devis rapide.","og_url":"https:\/\/zend-o.eu\/receveur-de-douche\/contact\/","og_site_name":"Receveur de douche","article_modified_time":"2026-03-12T08:11:13+00:00","twitter_card":"summary_large_image","twitter_misc":{"Est. reading time":"2 minutes"},"schema":{"@context":"https:\/\/schema.org","@graph":[{"@type":"WebPage","@id":"https:\/\/zend-o.eu\/receveur-de-douche\/contact\/","url":"https:\/\/zend-o.eu\/receveur-de-douche\/contact\/","name":"Contactez Zend\u2019O | Receveurs de douche sur mesure","isPartOf":{"@id":"https:\/\/zend-o.eu\/receveur-de-douche\/#website"},"datePublished":"2020-07-24T17:07:39+00:00","dateModified":"2026-03-12T08:11:13+00:00","description":"Besoin d\u2019un receveur de douche sur mesure ? Contactez notre \u00e9quipe Zend\u2019O pour un accompagnement personnalis\u00e9 et un devis rapide.","breadcrumb":{"@id":"https:\/\/zend-o.eu\/receveur-de-douche\/contact\/#breadcrumb"},"inLanguage":"en-US","potentialAction":[{"@type":"ReadAction","target":["https:\/\/zend-o.eu\/receveur-de-douche\/contact\/"]}]},{"@type":"BreadcrumbList","@id":"https:\/\/zend-o.eu\/receveur-de-douche\/contact\/#breadcrumb","itemListElement":[{"@type":"ListItem","position":1,"name":"Home","item":"https:\/\/zend-o.eu\/receveur-de-douche\/"},{"@type":"ListItem","position":2,"name":"Contact"}]},{"@type":"WebSite","@id":"https:\/\/zend-o.eu\/receveur-de-douche\/#website","url":"https:\/\/zend-o.eu\/receveur-de-douche\/","name":"Receveur de douche","description":"","publisher":{"@id":"https:\/\/zend-o.eu\/receveur-de-douche\/#organization"},"potentialAction":[{"@type":"SearchAction","target":{"@type":"EntryPoint","urlTemplate":"https:\/\/zend-o.eu\/receveur-de-douche\/?s={search_term_string}"},"query-input":{"@type":"PropertyValueSpecification","valueRequired":true,"valueName":"search_term_string"}}],"inLanguage":"en-US"},{"@type":"Organization","@id":"https:\/\/zend-o.eu\/receveur-de-douche\/#organization","name":"Receveur de douche","url":"https:\/\/zend-o.eu\/receveur-de-douche\/","logo":{"@type":"ImageObject","inLanguage":"en-US","@id":"https:\/\/zend-o.eu\/receveur-de-douche\/#\/schema\/logo\/image\/","url":"https:\/\/zend-o.eu\/receveur-de-douche\/wp-content\/uploads\/2025\/09\/cropped-logo.webp","contentUrl":"https:\/\/zend-o.eu\/receveur-de-douche\/wp-content\/uploads\/2025\/09\/cropped-logo.webp","width":500,"height":104,"caption":"Receveur de douche"},"image":{"@id":"https:\/\/zend-o.eu\/receveur-de-douche\/#\/schema\/logo\/image\/"}}]}},"_links":{"self":[{"href":"https:\/\/zend-o.eu\/receveur-de-douche\/wp-json\/wp\/v2\/pages\/338","targetHints":{"allow":["GET"]}}],"collection":[{"href":"https:\/\/zend-o.eu\/receveur-de-douche\/wp-json\/wp\/v2\/pages"}],"about":[{"href":"https:\/\/zend-o.eu\/receveur-de-douche\/wp-json\/wp\/v2\/types\/page"}],"author":[{"embeddable":true,"href":"https:\/\/zend-o.eu\/receveur-de-douche\/wp-json\/wp\/v2\/users\/1"}],"replies":[{"embeddable":true,"href":"https:\/\/zend-o.eu\/receveur-de-douche\/wp-json\/wp\/v2\/comments?post=338"}],"version-history":[{"count":72,"href":"https:\/\/zend-o.eu\/receveur-de-douche\/wp-json\/wp\/v2\/pages\/338\/revisions"}],"predecessor-version":[{"id":4154,"href":"https:\/\/zend-o.eu\/receveur-de-douche\/wp-json\/wp\/v2\/pages\/338\/revisions\/4154"}],"wp:attachment":[{"href":"https:\/\/zend-o.eu\/receveur-de-douche\/wp-json\/wp\/v2\/media?parent=338"}],"curies":[{"name":"wp","href":"https:\/\/api.w.org\/{rel}","templated":true}]}}